{"id":949,"date":"2023-06-18T22:08:47","date_gmt":"2023-06-19T03:08:47","guid":{"rendered":"https:\/\/tvradioluz.org\/?page_id=949"},"modified":"2024-05-27T11:03:43","modified_gmt":"2024-05-27T16:03:43","slug":"que-hacemos","status":"publish","type":"page","link":"https:\/\/tvradioluz.org\/index.php\/que-hacemos\/","title":{"rendered":"QUE HACEMOS"},"content":{"rendered":"\n<p class=\"has-text-align-center has-medium-font-size\"><strong>CONEXI\u00d3N CON DIOS<\/strong><\/p>\n\n\n<div class=\"wp-block-image\">\n<figure class=\"aligncenter size-large\"><img loading=\"lazy\" decoding=\"async\" width=\"1024\" height=\"683\" src=\"https:\/\/tvradioluz.org\/wp-content\/uploads\/2024\/05\/0C06EF7D-E03D-421C-BD0D-F8DAD81B37A9-1024x683.jpeg\" alt=\"\" class=\"wp-image-1093\" srcset=\"https:\/\/tvradioluz.org\/wp-content\/uploads\/2024\/05\/0C06EF7D-E03D-421C-BD0D-F8DAD81B37A9-1024x683.jpeg 1024w, https:\/\/tvradioluz.org\/wp-content\/uploads\/2024\/05\/0C06EF7D-E03D-421C-BD0D-F8DAD81B37A9-300x200.jpeg 300w, https:\/\/tvradioluz.org\/wp-content\/uploads\/2024\/05\/0C06EF7D-E03D-421C-BD0D-F8DAD81B37A9-768x512.jpeg 768w, https:\/\/tvradioluz.org\/wp-content\/uploads\/2024\/05\/0C06EF7D-E03D-421C-BD0D-F8DAD81B37A9-1536x1024.jpeg 1536w, https:\/\/tvradioluz.org\/wp-content\/uploads\/2024\/05\/0C06EF7D-E03D-421C-BD0D-F8DAD81B37A9-2048x1365.jpeg 2048w\" sizes=\"auto, (max-width: 1024px) 100vw, 1024px\" \/><\/figure><\/div>\n\n\n<p class=\"has-text-align-center has-text-color has-medium-font-size\" style=\"color:#0367bf\"><strong><strong>&#8220;Orar, discernir, actuar&#8221;<\/strong><\/strong><\/p>\n\n\n\n<p class=\"has-text-align-center has-text-color has-medium-font-size\" style=\"color:#0367bf\">Abrir la ventana a la oraci\u00f3n, para que cada persona permanezca en la presencia de Dios, un camino de discernimiento y trabajo diario que nos impulsa a actuar.<\/p>\n\n\n\n<p>\u201dEst\u00e9n siempre alegres. Orad sin cesar. Sean agradecidos en toda circunstancia, pues esta es la voluntad de Dios para ustedes, los que pertenecen a Cristo Jes\u00fas.\u201c<br>\u202d\u202d1 Tesalonicenses\u202c \u202d5\u202c:\u202d16\u202c-18\u202c \u202d<\/p>\n\n\n\n<p>\u201dEn cambio, la clase de fruto que el Esp\u00edritu Santo produce en nuestra vida es: amor, alegr\u00eda, paz, paciencia, gentileza, bondad, fidelidad, humildad y control propio. \u00a1No existen leyes contra esas cosas!\u201c<br>\u202d\u202dG\u00e1latas\u202c \u202d5\u202c:\u202d22\u202c-\u202d23\u202c<\/p>\n\n\n\n<p>DESDE EL 2009 observando lo dif\u00edcil que es para padres de familia tratar a hijos con una <strong>ENFERMEDAD RARA<\/strong>, cayendo en estr\u00e9s que los lleva a mantener un ambiente violento el uno para el otro sufriendo las consecuencias el ni\u00f1o, o el padre o la madre, <strong>VIOLENCIA DOMESTICA<\/strong>. Tratando de buscar una salida desesperada uyen de su casa, de su pa\u00eds <strong>MIGRANTES<\/strong>.<\/p>\n\n\n\n<p class=\"has-text-align-left has-text-color has-medium-font-size\" style=\"color:#0367bf\"><strong>&#8220;ENFERMEDADES RARAS EN LOS NI\u00d1OS<\/strong>&#8220;<\/p>\n\n\n\n<p><strong>Misi\u00f3n<\/strong>:<\/p>\n\n\n\n<p>Asistir a los padres de familia proporcionarles la debida orientaci\u00f3n sobre una enfermedad rara para fortalecerlos, hacer las conexiones correctas en la b\u00fasqueda de un tratamiento adecuado a su condici\u00f3n medica en via a su recuperaci\u00f3n y una vida mejor. La b\u00fasqueda a nivel nacional e internacional.<\/p>\n\n\n\n<p><\/p>\n\n\n\n<p class=\"has-text-align-left has-text-color has-medium-font-size\" style=\"color:#0367bf\"><strong>&#8220;MIGRANTES&#8221;<\/strong><\/p>\n\n\n\n<p><strong>Misi\u00f3n<\/strong>:<\/p>\n\n\n\n<p>Concientiz\u00e1ndolos en la importancia de mantenerse unidos con sus familias y evitar<br>entren de manera ilegal poniendo en riesgo la vida. Guiarlos a encontrar un camino claro a la problem\u00e1tica que est\u00e9n viviendo, ayud\u00e1ndolos a enlazar comunicaci\u00f3n con las organizaciones que est\u00e9n lo m\u00e1s cercanas a sus localidades. Inform\u00e1ndoles de las diferentes oportunidades de una migraci\u00f3n segura.<\/p>\n\n\n\n<p>Migrantes ilegales con consecuencias lamentables buscarles mecanismos, instrumentos normativos que hagan efectivos sus derechos, incluyendo a aquellos que son sorprendidos por los oficiales de inmigraci\u00f3n y llevados a uno de los centros de detenci\u00f3n, asesor\u00e1ndolos por abogados conscientes.<\/p>\n\n\n\n<p class=\"has-text-align-left has-text-color has-medium-font-size\" style=\"color:#0367bf\"><strong>&#8220;VIOLENCIA DOMESTICA&#8221;<\/strong><\/p>\n\n\n\n<p><strong>Misi\u00f3n<\/strong>:<\/p>\n\n\n\n<p>EDUCAR a la comunidad sobre la violencia dom\u00e9stica, prevenir situaciones con consecuencias incluso mortales, fomentar una cultura libre de violencia f\u00edsica, psicol\u00f3gica, emocional, econ\u00f3mica, sexual y espiritual basada en el respeto a la dignidad de cada persona y basado en los principios de Dios mediante la pr\u00e1ctica de las ense\u00f1anzas B\u00edblicas con programas dirigidos por profesionales que motiven a formar hombres de valor y mujeres virtuosas, previniendo as\u00ed actos de violencia dom\u00e9stica, estableciendo una relaci\u00f3n, conexi\u00f3n con Dios, un caminar con la verdad y una vida plena en familia.&nbsp;<\/p>\n\n\n\n<p><strong>Visi\u00f3n:<\/strong><\/p>\n\n\n\n<p>ENCENDER UNA LUZ en la oscuridad. Promover la oraci\u00f3n para establecer una relaci\u00f3n plena con Dios y terminar con todo acto violento en los hogares. Ense\u00f1ar que aprendiendo a manejar las emociones estamos seguros y asumimos el compromiso de amor propio y a amor a nuestro projimo. Fomentar la comunicaci\u00f3n y la empat\u00eda desde temprana edad para una vida de alegr\u00eda. Fortaleci\u00e9ndolos en su fe y generando acciones que los mantenga en plena comunicaci\u00f3n con Dios y con sus seres amados.<\/p>\n\n\n\n<p>Orient\u00e1ndolos a encontrar organizaciones e instituciones que les brinden apoyo<br>transicional.<\/p>\n\n\n\n<pre class=\"wp-block-verse has-text-align-center has-black-color has-text-color has-medium-font-size\"><\/pre>\n","protected":false},"excerpt":{"rendered":"<p>CONEXI\u00d3N CON DIOS &#8220;Orar, discernir, actuar&#8221; Abrir la ventana a la oraci\u00f3n, para que cada persona permanezca en la presencia de Dios, un camino de discernimiento y trabajo diario que nos impulsa a actuar. \u201dEst\u00e9n siempre alegres. Orad sin cesar. Sean agradecidos en toda circunstancia, pues esta es la voluntad de Dios para ustedes, los [&hellip;]<\/p>\n","protected":false},"author":1,"featured_media":0,"parent":0,"menu_order":0,"comment_status":"closed","ping_status":"closed","template":"","meta":{"footnotes":""},"class_list":["post-949","page","type-page","status-publish","hentry"],"_links":{"self":[{"href":"https:\/\/tvradioluz.org\/index.php\/wp-json\/wp\/v2\/pages\/949","targetHints":{"allow":["GET"]}}],"collection":[{"href":"https:\/\/tvradioluz.org\/index.php\/wp-json\/wp\/v2\/pages"}],"about":[{"href":"https:\/\/tvradioluz.org\/index.php\/wp-json\/wp\/v2\/types\/page"}],"author":[{"embeddable":true,"href":"https:\/\/tvradioluz.org\/index.php\/wp-json\/wp\/v2\/users\/1"}],"replies":[{"embeddable":true,"href":"https:\/\/tvradioluz.org\/index.php\/wp-json\/wp\/v2\/comments?post=949"}],"version-history":[{"count":22,"href":"https:\/\/tvradioluz.org\/index.php\/wp-json\/wp\/v2\/pages\/949\/revisions"}],"predecessor-version":[{"id":1097,"href":"https:\/\/tvradioluz.org\/index.php\/wp-json\/wp\/v2\/pages\/949\/revisions\/1097"}],"wp:attachment":[{"href":"https:\/\/tvradioluz.org\/index.php\/wp-json\/wp\/v2\/media?parent=949"}],"curies":[{"name":"wp","href":"https:\/\/api.w.org\/{rel}","templated":true}]}}