{"id":933,"date":"2023-06-18T20:46:08","date_gmt":"2023-06-19T01:46:08","guid":{"rendered":"https:\/\/tvradioluz.org\/?page_id=933"},"modified":"2023-07-22T14:21:37","modified_gmt":"2023-07-22T19:21:37","slug":"quienes-somos","status":"publish","type":"page","link":"https:\/\/tvradioluz.org\/index.php\/quienes-somos\/","title":{"rendered":"QUIENES SOMOS"},"content":{"rendered":"\n<p class=\"has-text-align-center has-vivid-cyan-blue-color has-text-color has-medium-font-size\"><strong>&#8220;EL PUENTE DE FE PARA EL PUERTO SEGURO&#8221;<\/strong><\/p>\n\n\n<div class=\"wp-block-image\">\n<figure class=\"aligncenter is-resized\"><img loading=\"lazy\" decoding=\"async\" src=\"https:\/\/tvradioluz.org\/wp-content\/uploads\/2019\/08\/9E590AE3-1135-4563-9CAE-4CAE8F991993-1024x1024.png\" alt=\"\" class=\"wp-image-336\" width=\"512\" height=\"512\" srcset=\"https:\/\/tvradioluz.org\/wp-content\/uploads\/2019\/08\/9E590AE3-1135-4563-9CAE-4CAE8F991993-1024x1024.png 1024w, https:\/\/tvradioluz.org\/wp-content\/uploads\/2019\/08\/9E590AE3-1135-4563-9CAE-4CAE8F991993-150x150.png 150w, https:\/\/tvradioluz.org\/wp-content\/uploads\/2019\/08\/9E590AE3-1135-4563-9CAE-4CAE8F991993-300x300.png 300w, https:\/\/tvradioluz.org\/wp-content\/uploads\/2019\/08\/9E590AE3-1135-4563-9CAE-4CAE8F991993-768x768.png 768w\" sizes=\"auto, (max-width: 512px) 100vw, 512px\" \/><figcaption class=\"wp-element-caption\"><strong>ORGANIZ\u00d3N SIN FINES DE LUCRO<\/strong><\/figcaption><\/figure><\/div>\n\n\n<p>Hay sue\u00f1os que nacen en el coraz\u00f3n de Dios y son transmitidos a aquellos que est\u00e1n en intimidad con \u00c9l y con un prop\u00f3sito espec\u00edfico de Dios.<\/p>\n\n\n\n<p>Jerem\u00edas 29:11 \u201cPorque yo s\u00e9 los planes que tengo para vosotros\u201d\u2013declara el SE\u00d1OR\u2013\u201dplanes de bienestar y no de calamidad, para daros un futuro y una esperanza.<\/p>\n\n\n\n<p>Un fin esperado, el sue\u00f1o anhelado.<\/p>\n\n\n\n<p><a href=\"https:\/\/www.facebook.com\/TVRadioLuz\/\" target=\"_blank\" rel=\"noreferrer noopener\">https:\/\/www.facebook.com\/TVRadioLuz\/<\/a><\/p>\n\n\n\n<p>Empez\u00f3 s\u00e1bado 16 de agosto de 2014 \u2013 8:00am Hora Centro, transmitiendo online 24\/7.<\/p>\n\n\n\n<p>Nuestra Misi\u00f3n es proclamar las buenas nuevas de salvaci\u00f3n, promover apoyo y consuelo a los necesitados. Siguiendo el ejemplo de Jes\u00fas como dice en&nbsp; Efesios 2:17 \u00c9l vino y proclam\u00f3 paz a ustedes que estaban lejos y paz a los que estaban cerca.<\/p>\n\n\n\n<p>-Jes\u00fas cumpli\u00f3 la voluntad de Dios, se ofreci\u00f3 a s\u00ed mismo a este mundo, anunciando las buenas nuevas de salvaci\u00f3n, model\u00f3 con su ejemplo las palabras que ense\u00f1aba llev\u00e1ndolas a la pr\u00e1ctica. Hoy nosotros contamos con el conocimiento del amor de Dios y su Santa Palabra: La Biblia.<\/p>\n\n\n\n<p>-Jes\u00fas hizo disc\u00edpulos que a su vez har\u00edan disc\u00edpulos en todas las naciones entre los cuales somos contados t\u00fa y yo.<\/p>\n\n\n\n<p>Por lo que anhelamos hacer la voluntad de Dios en nuestra vida, &nbsp;proclamar las buenas nuevas, encender una Luz en la oscuridad y unirnos en oraci\u00f3n y Adoraci\u00f3n para Dios.<\/p>\n\n\n\n<p>Nuestra Visi\u00f3n tener un encuentro con Dios que produzca transformaci\u00f3n en cada coraz\u00f3n, darle acci\u00f3n a cada petici\u00f3n de oraci\u00f3n con la gu\u00eda de nuestro Padre Dios y que \u00e9l nos ayude a ser una organizaci\u00f3n satisfaciendo las necesidades de quienes m\u00e1s lo necesitan, estableciendo claro nuestros valores, equidad, respeto, honradez, flexibilidad, creatividad, audacia, solidaridad, cultura y trasparencia.<\/p>\n\n\n\n<p class=\"has-vivid-cyan-blue-color has-text-color\"><a href=\"https:\/\/tvradioluz.org\/index.php\/que-hacemos\/\" data-type=\"URL\" data-id=\"https:\/\/tvradioluz.org\/index.php\/que-hacemos\/\" target=\"_blank\" rel=\"noreferrer noopener\">Leer mas&#8230;<\/a><\/p>\n\n\n\n<figure class=\"wp-block-gallery has-nested-images columns-default is-cropped wp-block-gallery-1 is-layout-flex wp-block-gallery-is-layout-flex\">\n<figure class=\"wp-block-image size-large\"><img loading=\"lazy\" decoding=\"async\" width=\"767\" height=\"1024\" data-id=\"330\" src=\"https:\/\/tvradioluz.org\/wp-content\/uploads\/2019\/08\/A87CC093-0D81-4D07-A02E-73A77CED2BD8-767x1024.jpeg\" alt=\"\" class=\"wp-image-330\" srcset=\"https:\/\/tvradioluz.org\/wp-content\/uploads\/2019\/08\/A87CC093-0D81-4D07-A02E-73A77CED2BD8-767x1024.jpeg 767w, https:\/\/tvradioluz.org\/wp-content\/uploads\/2019\/08\/A87CC093-0D81-4D07-A02E-73A77CED2BD8-225x300.jpeg 225w, https:\/\/tvradioluz.org\/wp-content\/uploads\/2019\/08\/A87CC093-0D81-4D07-A02E-73A77CED2BD8-768x1025.jpeg 768w, https:\/\/tvradioluz.org\/wp-content\/uploads\/2019\/08\/A87CC093-0D81-4D07-A02E-73A77CED2BD8.jpeg 1080w\" sizes=\"auto, (max-width: 767px) 100vw, 767px\" \/><figcaption class=\"wp-element-caption\">Lisseth Garc\u00eda <\/figcaption><\/figure>\n\n\n\n<figure class=\"wp-block-image size-large\"><img loading=\"lazy\" decoding=\"async\" width=\"767\" height=\"1024\" data-id=\"331\" src=\"https:\/\/tvradioluz.org\/wp-content\/uploads\/2019\/08\/D3AFCB72-8B1F-448A-A00D-E9D2FE4DA86D-767x1024.jpeg\" alt=\"\" class=\"wp-image-331\" srcset=\"https:\/\/tvradioluz.org\/wp-content\/uploads\/2019\/08\/D3AFCB72-8B1F-448A-A00D-E9D2FE4DA86D-767x1024.jpeg 767w, https:\/\/tvradioluz.org\/wp-content\/uploads\/2019\/08\/D3AFCB72-8B1F-448A-A00D-E9D2FE4DA86D-225x300.jpeg 225w, https:\/\/tvradioluz.org\/wp-content\/uploads\/2019\/08\/D3AFCB72-8B1F-448A-A00D-E9D2FE4DA86D-768x1025.jpeg 768w, https:\/\/tvradioluz.org\/wp-content\/uploads\/2019\/08\/D3AFCB72-8B1F-448A-A00D-E9D2FE4DA86D.jpeg 1080w\" sizes=\"auto, (max-width: 767px) 100vw, 767px\" \/><figcaption class=\"wp-element-caption\">Maria Quezada<\/figcaption><\/figure>\n<\/figure>\n","protected":false},"excerpt":{"rendered":"<p>&#8220;EL PUENTE DE FE PARA EL PUERTO SEGURO&#8221; Hay sue\u00f1os que nacen en el coraz\u00f3n de Dios y son transmitidos a aquellos que est\u00e1n en intimidad con \u00c9l y con un prop\u00f3sito espec\u00edfico de Dios. Jerem\u00edas 29:11 \u201cPorque yo s\u00e9 los planes que tengo para vosotros\u201d\u2013declara el SE\u00d1OR\u2013\u201dplanes de bienestar y no de calamidad, para [&hellip;]<\/p>\n","protected":false},"author":1,"featured_media":0,"parent":0,"menu_order":0,"comment_status":"closed","ping_status":"closed","template":"","meta":{"footnotes":""},"class_list":["post-933","page","type-page","status-publish","hentry"],"_links":{"self":[{"href":"https:\/\/tvradioluz.org\/index.php\/wp-json\/wp\/v2\/pages\/933","targetHints":{"allow":["GET"]}}],"collection":[{"href":"https:\/\/tvradioluz.org\/index.php\/wp-json\/wp\/v2\/pages"}],"about":[{"href":"https:\/\/tvradioluz.org\/index.php\/wp-json\/wp\/v2\/types\/page"}],"author":[{"embeddable":true,"href":"https:\/\/tvradioluz.org\/index.php\/wp-json\/wp\/v2\/users\/1"}],"replies":[{"embeddable":true,"href":"https:\/\/tvradioluz.org\/index.php\/wp-json\/wp\/v2\/comments?post=933"}],"version-history":[{"count":9,"href":"https:\/\/tvradioluz.org\/index.php\/wp-json\/wp\/v2\/pages\/933\/revisions"}],"predecessor-version":[{"id":963,"href":"https:\/\/tvradioluz.org\/index.php\/wp-json\/wp\/v2\/pages\/933\/revisions\/963"}],"wp:attachment":[{"href":"https:\/\/tvradioluz.org\/index.php\/wp-json\/wp\/v2\/media?parent=933"}],"curies":[{"name":"wp","href":"https:\/\/api.w.org\/{rel}","templated":true}]}}