{"id":2,"date":"2018-12-26T19:37:40","date_gmt":"2018-12-26T19:37:40","guid":{"rendered":"http:\/\/tvradioluz.org\/\/?page_id=2"},"modified":"2024-09-21T11:50:42","modified_gmt":"2024-09-21T16:50:42","slug":"donar-ahora","status":"publish","type":"page","link":"https:\/\/tvradioluz.org\/index.php\/donar-ahora\/","title":{"rendered":"DONAR AHORA"},"content":{"rendered":"\n<p>Su donaci\u00f3n puede cambiar el curso de la vida familiar y la vida de los ni\u00f1os que dependen de ellos. Nadie debe conocer el dolor de perder a un hijo por violencia, enfermedades raras, migrar ilegalmente a los Estados Unidos. Las familias en dificultades tienen derecho a criar ni\u00f1os sanos de manera segura. Ay\u00fadanos a ayudar a contrarrestar los efectos de los problemas internacionales.<\/p>\n\n\n\n<p><strong>Puede hacer su donaci\u00f3n Cheques|Giros Postales a:<\/strong><\/p>\n\n\n\n<div class=\"wp-block-columns are-vertically-aligned-center is-layout-flex wp-container-core-columns-is-layout-9d6595d7 wp-block-columns-is-layout-flex\">\n<div class=\"wp-block-column is-vertically-aligned-center is-layout-flow wp-block-column-is-layout-flow\" style=\"flex-basis:100%\">\n<pre class=\"wp-block-code has-vivid-cyan-blue-color has-white-background-color has-text-color has-background\"><code>TV Radio Luz\u00a0\nPO BOX 2331\nLakeland, Florida 33806\n<\/code><\/pre>\n\n\n\n<div class=\"wp-block-buttons is-layout-flex wp-block-buttons-is-layout-flex\">\n<div class=\"wp-block-button\"><a class=\"wp-block-button__link wp-element-button\" href=\"https:\/\/www.paypal.com\/donate\/?hosted_button_id=G664P82S63DML\">DONAR AQUI<\/a><\/div>\n<\/div>\n<\/div>\n<\/div>\n\n\n\n<p class=\"has-background\" style=\"background-color:#abb7c226;font-size:10px\"><strong>POLITICA Y PRIVACIDAD<\/strong>: Aqu\u00ed en TV Radio Luz nos tomamos muy en serio la privacidad personal. Como regla general,&nbsp;tvradioluz.org&nbsp;no recopila su informaci\u00f3n personal a menos que usted elija proporcionarnos esa informaci\u00f3n. Cuando elige proporcionarnos su informaci\u00f3n personal, le est\u00e1 dando a&nbsp;tvradioluz.org&nbsp;su permiso para utilizar esa informaci\u00f3n para los fines indicados en esta pol\u00edtica de privacidad. La informaci\u00f3n solicitada por&nbsp;tvradioluz.org&nbsp;se recopila si desea donar. Nosotros, TV Radio Luz no compartiremos ni proporcionaremos su informaci\u00f3n personal a ning\u00fan tercero, empresa o persona, toda la informaci\u00f3n ser\u00e1 segura para la protecci\u00f3n de su privacidad.&#8211;<\/p>\n\n\n\n<p class=\"has-black-color has-text-color has-background\" style=\"background-color:#abb7c226;font-size:10px\"><strong>T\u00e9rminos y condiciones<\/strong> \u00daltima actualizaci\u00f3n: Enero 2024 Lea estos T\u00e9rminos y condiciones (&#8220;T\u00e9rminos y condiciones&#8221;) detenidamente antes de utilizar el sitio web https:\/\/tvradioluz.org operado por TV Radio Luz Su acceso y uso del Servicio est\u00e1 condicionado a su aceptaci\u00f3n y cumplimiento de estos T\u00e9rminos. Al acceder o utilizar el Servicio, usted acepta estar sujeto a estos T\u00e9rminos. Si no est\u00e1 de acuerdo con alguna parte de los t\u00e9rminos, no podr\u00e1 acceder al Servicio. Nuestro Servicio puede contener enlaces a sitios web o servicios de terceros que no son propiedad ni est\u00e1n controlados por TV Radio Luz. TV Radio Luz no tiene control ni asume ninguna responsabilidad por el contenido, las pol\u00edticas de privacidad o las pr\u00e1cticas de los sitios web o servicios de terceros. Adem\u00e1s, reconoce y acepta que TV Radio Luz no ser\u00e1 responsable, directa o indirectamente, de ning\u00fan da\u00f1o o p\u00e9rdida causados o presuntamente causados por o en relaci\u00f3n con el uso o la confianza en dicho contenido, bienes o servicios disponibles en o a trav\u00e9s de dichos sitios web o servicios. Le recomendamos encarecidamente que lea los t\u00e9rminos y condiciones y las pol\u00edticas de privacidad de cualquier sitio web o servicio de terceros que visite.Estos T\u00e9rminos se regir\u00e1n e interpretar\u00e1n de acuerdo con las leyes de Estados Unidos, sin tener en cuenta sus disposiciones sobre conflictos de leyes. Nuestra incapacidad para hacer cumplir cualquier derecho o disposici\u00f3n de estos T\u00e9rminos no se considerar\u00e1 una renuncia a esos derechos. Si alguna disposici\u00f3n de estos T\u00e9rminos se considera inv\u00e1lida o inaplicable por un tribunal, las disposiciones restantes de estos T\u00e9rminos permanecer\u00e1n en vigor. Estos T\u00e9rminos constituyen el acuerdo completo entre nosotros con respecto a nuestro Servicio y reemplazan y reemplazan cualquier acuerdo anterior que podamos tener entre nosotros con respecto al Servicio. Nos reservamos el derecho, a nuestro exclusivo criterio, de modificar o reemplazar estos T\u00e9rminos en cualquier momento. Si una revisi\u00f3n es material, intentaremos proporcionar un aviso de al menos 30 d\u00edas antes de que entren en vigencia los nuevos t\u00e9rminos. Lo que constituye un cambio material se determinar\u00e1 a nuestro exclusivo criterio. Al continuar accediendo o utilizando nuestro Servicio despu\u00e9s de que esas revisiones entren en vigencia, usted acepta estar sujeto a los t\u00e9rminos revisados. Si no est\u00e1 de acuerdo con los nuevos t\u00e9rminos, deje de usar el Servicio. Cont\u00e1ctenos si tiene alguna pregunta sobre estos T\u00e9rminos, comun\u00edquese con nosotros. \u00daltima actualizaci\u00f3n: Enero, 2024 \/ <strong>T\u00e9rminos y condiciones<\/strong><\/p>\n","protected":false},"excerpt":{"rendered":"<p>Su donaci\u00f3n puede cambiar el curso de la vida familiar y la vida de los ni\u00f1os que dependen de ellos. Nadie debe conocer el dolor de perder a un hijo por violencia, enfermedades raras, migrar ilegalmente a los Estados Unidos. Las familias en dificultades tienen derecho a criar ni\u00f1os sanos de manera segura. Ay\u00fadanos a [&hellip;]<\/p>\n","protected":false},"author":1,"featured_media":0,"parent":0,"menu_order":0,"comment_status":"closed","ping_status":"open","template":"","meta":{"footnotes":""},"class_list":["post-2","page","type-page","status-publish","hentry"],"_links":{"self":[{"href":"https:\/\/tvradioluz.org\/index.php\/wp-json\/wp\/v2\/pages\/2","targetHints":{"allow":["GET"]}}],"collection":[{"href":"https:\/\/tvradioluz.org\/index.php\/wp-json\/wp\/v2\/pages"}],"about":[{"href":"https:\/\/tvradioluz.org\/index.php\/wp-json\/wp\/v2\/types\/page"}],"author":[{"embeddable":true,"href":"https:\/\/tvradioluz.org\/index.php\/wp-json\/wp\/v2\/users\/1"}],"replies":[{"embeddable":true,"href":"https:\/\/tvradioluz.org\/index.php\/wp-json\/wp\/v2\/comments?post=2"}],"version-history":[{"count":85,"href":"https:\/\/tvradioluz.org\/index.php\/wp-json\/wp\/v2\/pages\/2\/revisions"}],"predecessor-version":[{"id":1104,"href":"https:\/\/tvradioluz.org\/index.php\/wp-json\/wp\/v2\/pages\/2\/revisions\/1104"}],"wp:attachment":[{"href":"https:\/\/tvradioluz.org\/index.php\/wp-json\/wp\/v2\/media?parent=2"}],"curies":[{"name":"wp","href":"https:\/\/api.w.org\/{rel}","templated":true}]}}